{"id":3624,"date":"2025-05-01T15:36:53","date_gmt":"2025-05-01T12:36:53","guid":{"rendered":"https:\/\/anirililled.ee\/?post_type=product&#038;p=3624"},"modified":"2026-04-26T11:58:57","modified_gmt":"2026-04-26T08:58:57","slug":"buket-51-roz-30-e-tyomno-rozovyj-rozovyj","status":"publish","type":"product","link":"https:\/\/anirililled.ee\/et\/product\/buket-k-505-51roz-30-e\/","title":{"rendered":"\u0411\u0443\u043a\u0435\u0442 51 \u0440\u043e\u0437\u044b \u0442\u0451\u043c\u043d\u043e \u0440\u043e\u0437\u043e\u0432\u044b\u0439"},"content":{"rendered":"<blockquote>\n<p style=\"text-align: left;\">\u0411\u0443\u043a\u0435\u0442 &#171;K-505&#187; 51 \u0440\u043e\u0437\u044b<\/p>\n<\/blockquote>\n<p>V\u00e4rv: tume roosa<\/p>\n<p>K\u00f5rgus: 40cm.<\/p>\n<p>Pilt illustratiivne. Florist j\u00e4\u00e4tab endale \u00f5iguse lillevalikut muuta, v\u00e4rvitoonid j\u00e4\u00e4vad samaks, kui tellimuse t\u00e4itmise t\u00e4htaeg on l\u00fchike.<\/p>\n<p>&#171;S&#187; &#8212; 51 \u0440\u043e\u0437a<\/p>\n<p>&#171;M&#187; &#8212; 101 \u0440\u043e\u0437a<\/p>","protected":false},"excerpt":{"rendered":"<p>\u0411\u0443\u043a\u0435\u0442 &#171;K-505&#187; 51 \u0440\u043e\u0437\u044b \u0426\u0432\u0435\u0442: \u0442\u0435\u043c\u043d\u043e \u0440\u043e\u0437\u043e\u0432\u044b\u0439 \u0412\u044b\u0441\u043e\u0442\u0430 40 \u0441\u043c. \u0424\u043e\u0442\u043e \u0438\u043b\u043b\u044e\u0441\u0442\u0440\u0430\u0442\u0438\u0432\u043d\u043e. \u0424\u043b\u043e\u0440\u0438\u0441\u0442 \u043e\u0441\u0442\u0430\u0432\u043b\u044f\u0435\u0442 \u0437\u0430 \u0441\u043e\u0431\u043e\u0439 \u043f\u0440\u0430\u0432\u043e \u0438\u0437\u043c\u0435\u043d\u0438\u0442\u044c \u0446\u0432\u0435\u0442\u043e\u0432\u0443\u044e \u0433\u0430\u043c\u043c\u0443, \u0432 \u0441\u043b\u0443\u0447\u0430\u0435, \u0435\u0441\u043b\u0438 \u0441\u0440\u043e\u043a \u0432\u044b\u043f\u043e\u043b\u043d\u0435\u043d\u0438\u044f \u0437\u0430\u043a\u0430\u0437\u0430. &#171;S&#187; &#8212; 51 \u0440\u043e\u0437a &#171;M&#187; &#8212; 101 \u0440\u043e\u0437a<\/p>","protected":false},"featured_media":456,"comment_status":"closed","ping_status":"closed","template":"","meta":[],"product_cat":[331,398],"product_tag":[],"class_list":{"0":"post-3624","1":"product","2":"type-product","3":"status-publish","4":"has-post-thumbnail","6":"product_cat-331","7":"product_cat-bukety-roz","8":"pa_size-m","9":"pa_size-s","11":"first","12":"outofstock","13":"sold-individually","14":"purchasable","15":"product-type-variable"},"_links":{"self":[{"href":"https:\/\/anirililled.ee\/et\/wp-json\/wp\/v2\/product\/3624","targetHints":{"allow":["GET"]}}],"collection":[{"href":"https:\/\/anirililled.ee\/et\/wp-json\/wp\/v2\/product"}],"about":[{"href":"https:\/\/anirililled.ee\/et\/wp-json\/wp\/v2\/types\/product"}],"replies":[{"embeddable":true,"href":"https:\/\/anirililled.ee\/et\/wp-json\/wp\/v2\/comments?post=3624"}],"wp:featuredmedia":[{"embeddable":true,"href":"https:\/\/anirililled.ee\/et\/wp-json\/wp\/v2\/media\/456"}],"wp:attachment":[{"href":"https:\/\/anirililled.ee\/et\/wp-json\/wp\/v2\/media?parent=3624"}],"wp:term":[{"taxonomy":"product_cat","embeddable":true,"href":"https:\/\/anirililled.ee\/et\/wp-json\/wp\/v2\/product_cat?post=3624"},{"taxonomy":"product_tag","embeddable":true,"href":"https:\/\/anirililled.ee\/et\/wp-json\/wp\/v2\/product_tag?post=3624"}],"curies":[{"name":"wp","href":"https:\/\/api.w.org\/{rel}","templated":true}]}}