{"id":3566,"date":"2025-03-05T01:12:24","date_gmt":"2025-03-04T22:12:24","guid":{"rendered":"https:\/\/anirililled.ee\/?post_type=product&#038;p=3566"},"modified":"2026-03-28T10:00:39","modified_gmt":"2026-03-28T07:00:39","slug":"buket-roz-athena-v-podarochnoj-upakovke","status":"publish","type":"product","link":"https:\/\/anirililled.ee\/et\/product\/buket-belyh-roz\/","title":{"rendered":"Roosikimp \"Athena\" kinkepakendis"},"content":{"rendered":"<ul>\n<li>Roosikimp \"Athena\" kinkepakendis<\/li>\n<\/ul>\n<p>Kood: \"K-1801\"<\/p>\n<p>S - (25 tk)<\/p>\n<p>M - (51 tk)<\/p>\n<p>L - (101 tk)<\/p>\n<p>V\u00e4rv: valge<\/p>\n<p>K\u00f5rgus: 40 cm<\/p>\n<p>Pilt on ainult illustratiivne. Lillepoodnik j\u00e4tab endale \u00f5iguse muuta kimpude kompositsiooni, s\u00e4ilitades sama v\u00e4rviskeemi, kui t\u00e4htaeg on l\u00fchike.<\/p>","protected":false},"excerpt":{"rendered":"<blockquote><p>&nbsp;<\/p><\/blockquote>","protected":false},"featured_media":3567,"comment_status":"open","ping_status":"closed","template":"","meta":[],"product_cat":[331,400,398],"product_tag":[],"class_list":{"0":"post-3566","1":"product","2":"type-product","3":"status-publish","4":"has-post-thumbnail","6":"product_cat-331","7":"product_cat-roosikimbud-kinkepakendis","8":"product_cat-bukety-roz","9":"pa_size-l","10":"pa_size-m","11":"pa_size-s","13":"first","14":"instock","15":"shipping-taxable","16":"purchasable","17":"product-type-variable"},"_links":{"self":[{"href":"https:\/\/anirililled.ee\/et\/wp-json\/wp\/v2\/product\/3566","targetHints":{"allow":["GET"]}}],"collection":[{"href":"https:\/\/anirililled.ee\/et\/wp-json\/wp\/v2\/product"}],"about":[{"href":"https:\/\/anirililled.ee\/et\/wp-json\/wp\/v2\/types\/product"}],"replies":[{"embeddable":true,"href":"https:\/\/anirililled.ee\/et\/wp-json\/wp\/v2\/comments?post=3566"}],"wp:featuredmedia":[{"embeddable":true,"href":"https:\/\/anirililled.ee\/et\/wp-json\/wp\/v2\/media\/3567"}],"wp:attachment":[{"href":"https:\/\/anirililled.ee\/et\/wp-json\/wp\/v2\/media?parent=3566"}],"wp:term":[{"taxonomy":"product_cat","embeddable":true,"href":"https:\/\/anirililled.ee\/et\/wp-json\/wp\/v2\/product_cat?post=3566"},{"taxonomy":"product_tag","embeddable":true,"href":"https:\/\/anirililled.ee\/et\/wp-json\/wp\/v2\/product_tag?post=3566"}],"curies":[{"name":"wp","href":"https:\/\/api.w.org\/{rel}","templated":true}]}}