{"id":3560,"date":"2025-03-05T01:05:29","date_gmt":"2025-03-04T22:05:29","guid":{"rendered":"https:\/\/anirililled.ee\/?post_type=product&#038;p=3560"},"modified":"2026-03-28T09:39:48","modified_gmt":"2026-03-28T06:39:48","slug":"buket-roz-pink-athena-v-podarochnoj-upakovke","status":"publish","type":"product","link":"https:\/\/anirililled.ee\/et\/product\/buket-roz-roz-rozovyj\/","title":{"rendered":"Roosikimp \"Pink Athena\" kinkepakendis"},"content":{"rendered":"<p>Roosikimp \"Pink Athena\" kinkepakendis<\/p>\n<p>Kood: \"1804\"<\/p>\n<p>S - (25 tk)<\/p>\n<p>M - (51 tk)<\/p>\n<p>L - (101 tk)<\/p>\n<p>V\u00e4rv: roosa<\/p>\n<p>K\u00f5rgus: 40 cm<\/p>\n<p>Pilt on ainult illustratiivne. Lillepoodnik j\u00e4tab endale \u00f5iguse muuta kimpude kompositsiooni, s\u00e4ilitades sama v\u00e4rviskeemi, kui t\u00e4htaeg on l\u00fchike.<\/p>\n<p>&nbsp;<\/p>","protected":false},"excerpt":{"rendered":"<p>\u0411\u0443\u043a\u0435\u0442 \u0440\u043e\u0437\u00a0 &#171;Pink Athena&#187; \u0432 \u043f\u043e\u0434\u0430\u0440\u043e\u0447\u043d\u043e\u0439 \u0443\u043f\u0430\u043a\u043e\u0432\u043a\u0435 \u041a\u043e\u0434: &#171;1804&#187; S \u2013 (25 \u0448\u0442.) M \u2013 (51 \u0448\u0442.) L \u2013 (101 \u0448\u0442.) \u0426\u0432\u0435\u0442: \u0440\u043e\u0437\u043e\u0432\u044b\u0439 \u0412\u044b\u0441\u043e\u0442\u0430: 40 \u0441\u043c \u0418\u0437\u043e\u0431\u0440\u0430\u0436\u0435\u043d\u0438\u0435 \u043d\u043e\u0441\u0438\u0442 \u0438\u043b\u043b\u044e\u0441\u0442\u0440\u0430\u0442\u0438\u0432\u043d\u044b\u0439 \u0445\u0430\u0440\u0430\u043a\u0442\u0435\u0440. \u0424\u043b\u043e\u0440\u0438\u0441\u0442 \u043e\u0441\u0442\u0430\u0432\u043b\u044f\u0435\u0442 \u0437\u0430 \u0441\u043e\u0431\u043e\u0439 \u043f\u0440\u0430\u0432\u043e \u0438\u0437\u043c\u0435\u043d\u0438\u0442\u044c \u0441\u043e\u0441\u0442\u0430\u0432 \u0431\u0443\u043a\u0435\u0442\u0430, \u0441\u043e\u0445\u0440\u0430\u043d\u044f\u044f \u0442\u0443\u0436\u0435 \u0446\u0432\u0435\u0442\u043e\u0432\u0443\u044e \u0433\u0430\u043c\u043c\u0443, \u0435\u0441\u043b\u0438 \u0441\u0440\u043e\u043a \u0432\u044b\u043f\u043e\u043b\u043d\u0435\u043d\u0438\u044f \u0437\u0430\u043a\u0430\u0437\u0430 \u043a\u043e\u0440\u043e\u0442\u043a\u0438\u0439. &nbsp;<\/p>","protected":false},"featured_media":3561,"comment_status":"open","ping_status":"closed","template":"","meta":[],"product_cat":[331,400],"product_tag":[],"class_list":{"0":"post-3560","1":"product","2":"type-product","3":"status-publish","4":"has-post-thumbnail","6":"product_cat-331","7":"product_cat-roosikimbud-kinkepakendis","8":"pa_size-l","9":"pa_size-m","10":"pa_size-s","12":"first","13":"outofstock","14":"shipping-taxable","15":"purchasable","16":"product-type-variable","17":"has-default-attributes"},"_links":{"self":[{"href":"https:\/\/anirililled.ee\/et\/wp-json\/wp\/v2\/product\/3560","targetHints":{"allow":["GET"]}}],"collection":[{"href":"https:\/\/anirililled.ee\/et\/wp-json\/wp\/v2\/product"}],"about":[{"href":"https:\/\/anirililled.ee\/et\/wp-json\/wp\/v2\/types\/product"}],"replies":[{"embeddable":true,"href":"https:\/\/anirililled.ee\/et\/wp-json\/wp\/v2\/comments?post=3560"}],"wp:featuredmedia":[{"embeddable":true,"href":"https:\/\/anirililled.ee\/et\/wp-json\/wp\/v2\/media\/3561"}],"wp:attachment":[{"href":"https:\/\/anirililled.ee\/et\/wp-json\/wp\/v2\/media?parent=3560"}],"wp:term":[{"taxonomy":"product_cat","embeddable":true,"href":"https:\/\/anirililled.ee\/et\/wp-json\/wp\/v2\/product_cat?post=3560"},{"taxonomy":"product_tag","embeddable":true,"href":"https:\/\/anirililled.ee\/et\/wp-json\/wp\/v2\/product_tag?post=3560"}],"curies":[{"name":"wp","href":"https:\/\/api.w.org\/{rel}","templated":true}]}}