{"id":3540,"date":"2025-03-05T00:15:40","date_gmt":"2025-03-04T21:15:40","guid":{"rendered":"https:\/\/anirililled.ee\/?post_type=product&#038;p=3540"},"modified":"2026-04-26T12:01:57","modified_gmt":"2026-04-26T09:01:57","slug":"buket-roz-zhyoltyj","status":"publish","type":"product","link":"https:\/\/anirililled.ee\/et\/product\/buket-roz-zhyoltyj\/","title":{"rendered":"Kollaste rooside kimp kingituspakendis"},"content":{"rendered":"<p>Roosikimp kollane kingituspakendis \"1807\"<\/p>\n<p>S \u2013 (51 \u0448\u0442.)<\/p>\n<p>M \u2013 (101 \u0448\u0442.)<\/p>\n<p>V\u00e4rv: kollane<\/p>\n<p>K\u00f5rgus: 40 cm<\/p>\n<p>&nbsp;<\/p>\n<p>\u00a0Pilt illustratiivne. Florist j\u00e4\u00e4tab endale \u00f5iguse lillevalikut muuta, v\u00e4rvitoonid j\u00e4\u00e4vad samaks, kui tellimuse t\u00e4itmise t\u00e4htaeg on l\u00fchike<\/p>","protected":false},"excerpt":{"rendered":"<blockquote><p>&nbsp;<\/p><\/blockquote>","protected":false},"featured_media":3515,"comment_status":"open","ping_status":"closed","template":"","meta":[],"product_cat":[331,400,398],"product_tag":[],"class_list":{"0":"post-3540","1":"product","2":"type-product","3":"status-publish","4":"has-post-thumbnail","6":"product_cat-331","7":"product_cat-roosikimbud-kinkepakendis","8":"product_cat-bukety-roz","9":"pa_size-m","10":"pa_size-s","12":"first","13":"instock","14":"shipping-taxable","15":"purchasable","16":"product-type-variable"},"_links":{"self":[{"href":"https:\/\/anirililled.ee\/et\/wp-json\/wp\/v2\/product\/3540","targetHints":{"allow":["GET"]}}],"collection":[{"href":"https:\/\/anirililled.ee\/et\/wp-json\/wp\/v2\/product"}],"about":[{"href":"https:\/\/anirililled.ee\/et\/wp-json\/wp\/v2\/types\/product"}],"replies":[{"embeddable":true,"href":"https:\/\/anirililled.ee\/et\/wp-json\/wp\/v2\/comments?post=3540"}],"wp:featuredmedia":[{"embeddable":true,"href":"https:\/\/anirililled.ee\/et\/wp-json\/wp\/v2\/media\/3515"}],"wp:attachment":[{"href":"https:\/\/anirililled.ee\/et\/wp-json\/wp\/v2\/media?parent=3540"}],"wp:term":[{"taxonomy":"product_cat","embeddable":true,"href":"https:\/\/anirililled.ee\/et\/wp-json\/wp\/v2\/product_cat?post=3540"},{"taxonomy":"product_tag","embeddable":true,"href":"https:\/\/anirililled.ee\/et\/wp-json\/wp\/v2\/product_tag?post=3540"}],"curies":[{"name":"wp","href":"https:\/\/api.w.org\/{rel}","templated":true}]}}