{"id":4074,"date":"2026-01-23T23:35:26","date_gmt":"2026-01-23T20:35:26","guid":{"rendered":"https:\/\/anirililled.ee\/?page_id=4074"},"modified":"2026-01-24T01:28:07","modified_gmt":"2026-01-23T22:28:07","slug":"esto-jarelmaks","status":"publish","type":"page","link":"https:\/\/anirililled.ee\/et\/esto-jarelmaks\/","title":{"rendered":"ESTO J\u00e4relmaks"},"content":{"rendered":"<p><img decoding=\"async\" style=\"--smush-placeholder-width: 1440px; --smush-placeholder-aspect-ratio: 1440\/390;width: 100%;\" data-src=\"\/wp-content\/uploads\/esto\/ESTO-banner.png\" alt=\"\" src=\"data:image\/gif;base64,R0lGODlhAQABAAAAACH5BAEKAAEALAAAAAABAAEAAAICTAEAOw==\" class=\"lazyload\" \/><noscript><img decoding=\"async\" style=\"width: 100%;\" src=\"\/wp-content\/uploads\/esto\/ESTO-banner.png\" alt=\"\" \/><\/noscript><\/p><h4>ESTO Maksa hiljem<\/h4>\n<p>ESTO Maksa hiljem on uus viis ostude eest tasumiseks. Ostusumma j\u00e4\u00e4b sulle kasutada, maksma pead alles 30 p\u00e4eva jooksul. Saa t\u00e4pselt, mida vajad ilma intressi, lisatasu ja sissemakseta.<\/p>\n<p class=\" translation-block\">Kasuta ESTO maksa hiljem makseviisi e-poodides ja f\u00fc\u00fcsilistes kauplustes. K\u00f5ik ESTO partnerpoed leiad ESTO Market-ist: <a href=\"https:\/\/esto.eu\/ee\/esto-market\">https:\/\/esto.eu\/ee\/esto-market<\/a><\/p>\n<p style='margin-top:30px;'><strong>Kuidas see toimib?<\/strong><\/p>\n<p>Valides ESTO Maksa hiljem makseviisiks, kinnitatakse tellimus viivitamatult, kuid kohe maksma ei pea, sest makset\u00e4htaeg on 30 p\u00e4eva p\u00e4rast.\n<\/p>\n<ul>\n<li>Lisa vajalikud tooted ostukorvi.\n<li>Vali kassas ESTO maksa hiljem makseviisiks.\n<li>Otsuse saad reaalajas.\n<li>Positiivse otsuse korral kinnita ost.\n<li>ESTO saadab sulle arve, mis tuleb tasuda t\u00e4issummas 30 p\u00e4eva jooksul.\n<\/ul>\n<p><img decoding=\"async\" style=\"--smush-placeholder-width: 1920px; --smush-placeholder-aspect-ratio: 1920\/348;width: 100%;\" data-src=\"\/wp-content\/uploads\/esto\/esto_paylater_est.png\" alt=\"ESTO Pay Later\" src=\"data:image\/gif;base64,R0lGODlhAQABAAAAACH5BAEKAAEALAAAAAABAAEAAAICTAEAOw==\" class=\"lazyload\" \/><noscript><img decoding=\"async\" style=\"width: 100%;\" src=\"\/wp-content\/uploads\/esto\/esto_paylater_est.png\" alt=\"ESTO Pay Later\" \/><\/noscript><\/p>\n<p class=\" translation-block\">Finantsteenust pakub ESTO AS. Enne lepingu s\u00f5lmimist tutvu tingimustega ja vajaduse korral pea n\u00f5u asjatundjaga. Lisainfo <a href=\"www.esto.ee\">www.esto.ee<\/a>.<\/p>\n<div style='padding:20px; font-size:14px; background:#f6f6f6;'>\n<p><strong>MIS ON ESTO?<\/strong><\/p>\n<p class=\" translation-block\">ESTO on eelistatuim makselahenduste pakkuja Baltikumis, muutes kaupmeeste m\u00fc\u00fcgi- ja tarbijate ostukogemuse revolutsiooniliselt lihtsaks ning sujuvaks. ESTO'l on \u00fcle Baltikumi pea 500 000 aktiivset klienti ning \u00fcle 3000 partnerpoe. ESTO missioon on aidata partneritel m\u00fc\u00fca ja klientidel osta.\nKui vajad abi, v\u00f5ta \u00fchendust ESTO AS t\u00f6\u00f6tajaga info@esto.ee v\u00f5i k\u00fclasta <a href=\"https:\/\/esto.eu\/ee\/kliendile-klienditugi\">https:\/\/esto.eu\/ee\/kliendile-klienditugi<\/a>.<\/p>\n<\/div>\n<h4 id='esto-3' style='margin-top:60px'>ESTO 3<\/h4>\n<p class=\" translation-block\"><p>ESTO 3 on populaarseim uue p\u00f5lvkonna makseviis. Jaota ostusumma mugavalt 3-ks v\u00f5rdseks osaks. Saa t\u00e4pselt, mida vajad ilma intressi, lisatasu ja sissemakseta. <\/p>\n<p>Kasuta ESTO 3-osalist makseviisi e-poodides ja f\u00fc\u00fcsilistes kauplustes.<\/p>\n<p>K\u00f5ik ESTO partnerpoed leiad ESTO Marketist: <a href=\"https:\/\/esto.eu\/ee\/esto-marke\">https:\/\/esto.eu\/ee\/esto-market<\/a><\/p><\/p>\n<p style='margin-top:30px;'><strong>Kuidas see toimib?<\/strong><\/p>\n<p>Valides ESTO 3 makseviisiks saad jagada kogu makse 3-ks v\u00f5rdseks osaks 3 kuu peale ilma igasuguste tasudeta.<\/p>\n<ul>\n<li>Lisa vajalikud tooted ostukorvi.\n<li>Vali kassas ESTO 3 makseviisiks.\n<li>Otsuse saad reaalajas.\n<li>Positiivse otsuse korral kinnita ost.\n<li>ESTO saadab sulle sinu esimese arve j\u00e4rgmise kuu 15. kuup\u00e4eval.\n<\/ul>\n<p><img decoding=\"async\" style=\"--smush-placeholder-width: 1920px; --smush-placeholder-aspect-ratio: 1920\/348;width: 100%;\" data-src=\"\/wp-content\/uploads\/esto\/esto3_est.png\" alt=\"ESTO 3\" src=\"data:image\/gif;base64,R0lGODlhAQABAAAAACH5BAEKAAEALAAAAAABAAEAAAICTAEAOw==\" class=\"lazyload\" \/><noscript><img decoding=\"async\" style=\"width: 100%;\" src=\"\/wp-content\/uploads\/esto\/esto3_est.png\" alt=\"ESTO 3\" \/><\/noscript><\/p>\n<p class=\" translation-block\">Finantsteenust pakub ESTO AS. Enne lepingu s\u00f5lmimist tutvu tingimustega ja vajaduse korral pea n\u00f5u asjatundjaga. Lisainfo <a href=\"www.esto.ee\">www.esto.ee<\/a>.<\/p>\n<div style='padding:20px; font-size:14px; background:#f6f6f6;'>\n<p><strong>MIS ON ESTO?<\/strong><\/p>\n<p class=\" translation-block\">ESTO on eelistatuim makselahenduste pakkuja Baltikumis, muutes kaupmeeste m\u00fc\u00fcgi- ja tarbijate ostukogemuse revolutsiooniliselt lihtsaks ning sujuvaks. ESTO'l on \u00fcle Baltikumi pea 500 000 aktiivset klienti ning \u00fcle 3000 partnerpoe. ESTO missioon on aidata partneritel m\u00fc\u00fca ja klientidel osta.\nKui vajad abi, v\u00f5ta \u00fchendust ESTO AS t\u00f6\u00f6tajaga info@esto.ee v\u00f5i k\u00fclasta <a href=\"https:\/\/esto.eu\/ee\/kliendile-klienditugi\">https:\/\/esto.eu\/ee\/kliendile-klienditugi<\/a>.<\/p>\n<\/div>\n<h4 style='margin-top:60px'>ESTO J\u00e4relmaks<\/h4>\n<p class=\" translation-block\"><p>ESTO j\u00e4relmaks on paindlik makselahendus, mis v\u00f5imaldab jaotada makse mugavalt igakuisteks osamakseteks. Jaota ostusumma mugavalt endale sobiva perioodi peale. Perioodi ja sissemakse suurust saad valida ostu vormistamisel, kui valid kassast ESTO j\u00e4relmaksu.<\/p>\n<p>Kasuta ESTO j\u00e4relmaksu e-poodides ja f\u00fc\u00fcsilistes kauplustes. K\u00f5ik ESTO partnerpoed leiad ESTO Marketist: <a href=\"https:\/\/esto.eu\/ee\/esto-market\">https:\/\/esto.eu\/ee\/esto-market<\/a><\/p><\/p>\n<p style='margin-top:30px;'><strong>Kuidas kasutada ESTO j\u00e4relmaksu?<\/strong><\/p>\n<ul>\n<li>Lisa vajalikud tooted ostukorvi.\n<li>Vali kassas makseviisiks ESTO j\u00e4relmaks.\n<li>Vali oma eelistatud tagasimakseperiood vahemikus 3-60 kuud.\n<li>Otsuse saad reaalajas.\n<li>Positiivse otsuse korral digiallkirjasta leping ID-kaardi, Smart-ID v\u00f5i Mobiil-IDga.\n<li>Olete valmis oma kauba k\u00e4tte saama!\n\n<\/ul>\n<p><img decoding=\"async\" style=\"--smush-placeholder-width: 1920px; --smush-placeholder-aspect-ratio: 1920\/348;width: 100%;\" data-src=\"\/wp-content\/uploads\/esto\/esto_jarelmaks_est.png\" alt=\"ESTO J\u00e4relmaks\" src=\"data:image\/gif;base64,R0lGODlhAQABAAAAACH5BAEKAAEALAAAAAABAAEAAAICTAEAOw==\" class=\"lazyload\" \/><noscript><img decoding=\"async\" style=\"width: 100%;\" src=\"\/wp-content\/uploads\/esto\/esto_jarelmaks_est.png\" alt=\"ESTO J\u00e4relmaks\" \/><\/noscript><\/p>\n<p class=\" translation-block\">ESTO j\u00e4relmaksu pakub ja haldab ESTO AS. ESTO AS j\u00e4relmaksu krediidi kulukuse m\u00e4\u00e4r on 23.63% aastas j\u00e4rgmistel n\u00e4idistingimustel: krediidi summa 1490 EUR, kauba\/teenuse maksumus 1490 EUR, sissemakse 0%, fikseeritud intressim\u00e4\u00e4r 11.90%, lepingutasu 0 EUR, krediidi kogusumma ja tagasimaksete summa 1844.64 EUR eeldusel, et krediit tagastatakse 24 kuu jooksul igakuiste v\u00f5rdsete osamaksetena suuruses 76.86 EUR. Tutvu enne lepingu s\u00f5lmimist tingimustega ja vajadusel konsulteeri spetsialistiga. J\u00e4relmaksu pakub ja haldab ESTO AS.<\/p>\n<div style='padding:20px; font-size:14px; background:#f6f6f6;'>\n<p><strong>MIS ON ESTO?<\/strong><\/p>\n<p class=\" translation-block\">ESTO on eelistatuim makselahenduste pakkuja Baltikumis, muutes kaupmeeste m\u00fc\u00fcgi- ja tarbijate ostukogemuse revolutsiooniliselt lihtsaks ning sujuvaks. ESTO'l on \u00fcle Baltikumi pea 500 000 aktiivset klienti ning \u00fcle 3000 partnerpoe. ESTO missioon on aidata partneritel m\u00fc\u00fca ja klientidel osta.\nKui vajad abi, v\u00f5ta \u00fchendust ESTO AS t\u00f6\u00f6tajaga info@esto.ee v\u00f5i k\u00fclasta <a href=\"https:\/\/esto.eu\/ee\/kliendile-klienditugi\">https:\/\/esto.eu\/ee\/kliendile-klienditugi<\/a>.<\/p>\n<\/div>","protected":false},"excerpt":{"rendered":"<p>\u041a\u0443\u043f\u0438 \u0441\u0435\u0439\u0447\u0430\u0441, \u043f\u043b\u0430\u0442\u0438 \u043f\u043e\u0442\u043e\u043c ESTO Pay Later \u2013 \u00ab\u041a\u0443\u043f\u0438 \u0441\u0435\u0439\u0447\u0430\u0441, \u043f\u043b\u0430\u0442\u0438 \u043f\u043e\u0442\u043e\u043c\u00bb \u2013 \u044d\u0442\u043e \u043d\u043e\u0432\u044b\u0439 \u0441\u043f\u043e\u0441\u043e\u0431 \u043e\u043f\u043b\u0430\u0442\u044b \u043f\u043e\u043a\u0443\u043f\u043e\u043a, \u043a\u043e\u0442\u043e\u0440\u044b\u0439 \u043f\u043e\u0437\u0432\u043e\u043b\u044f\u0435\u0442 \u043e\u043f\u043b\u0430\u0447\u0438\u0432\u0430\u0442\u044c \u043f\u043e\u043a\u0443\u043f\u043a\u0438 \u0432 \u0442\u0435\u0447\u0435\u043d\u0438\u0435 30 \u0434\u043d\u0435\u0439. \u0412\u0441\u0435, \u0447\u0442\u043e \u0432\u0430\u043c \u043d\u0443\u0436\u043d\u043e \u2013 \u0431\u0435\u0437 \u0438\u043d\u0442\u0440\u0435\u0441\u0441\u0430, \u043a\u043e\u043c\u0438\u0441\u0441\u0438\u0439 \u0438 \u043f\u0440\u0435\u0434\u043e\u043f\u043b\u0430\u0442\u044b. \u0418\u0441\u043f\u043e\u043b\u044c\u0437\u0443\u0439\u0442\u0435 ESTO Pay Later \u0432 \u0438\u043d\u0442\u0435\u0440\u043d\u0435\u0442-\u043c\u0430\u0433\u0430\u0437\u0438\u043d\u0430\u0445 \u0438 \u0444\u0438\u0437\u0438\u0447\u0435\u0441\u043a\u0438\u0445 \u043c\u0430\u0433\u0430\u0437\u0438\u043d\u0430\u0445. \u041e\u0437\u043d\u0430\u043a\u043e\u043c\u044c\u0442\u0435\u0441\u044c \u0441 \u043c\u0430\u0433\u0430\u0437\u0438\u043d\u0430\u043c\u0438-\u043f\u0430\u0440\u0442\u043d\u0435\u0440\u0430\u043c\u0438 ESTO \u043d\u0430 ESTO Market: https:\/\/esto.eu\/ee\/esto-market \u041a\u0430\u043a \u044d\u0442\u043e [&hellip;]<\/p>","protected":false},"author":1,"featured_media":0,"parent":0,"menu_order":0,"comment_status":"closed","ping_status":"closed","template":"","meta":{"footnotes":""},"class_list":["post-4074","page","type-page","status-publish","hentry"],"_links":{"self":[{"href":"https:\/\/anirililled.ee\/et\/wp-json\/wp\/v2\/pages\/4074","targetHints":{"allow":["GET"]}}],"collection":[{"href":"https:\/\/anirililled.ee\/et\/wp-json\/wp\/v2\/pages"}],"about":[{"href":"https:\/\/anirililled.ee\/et\/wp-json\/wp\/v2\/types\/page"}],"author":[{"embeddable":true,"href":"https:\/\/anirililled.ee\/et\/wp-json\/wp\/v2\/users\/1"}],"replies":[{"embeddable":true,"href":"https:\/\/anirililled.ee\/et\/wp-json\/wp\/v2\/comments?post=4074"}],"version-history":[{"count":32,"href":"https:\/\/anirililled.ee\/et\/wp-json\/wp\/v2\/pages\/4074\/revisions"}],"predecessor-version":[{"id":4114,"href":"https:\/\/anirililled.ee\/et\/wp-json\/wp\/v2\/pages\/4074\/revisions\/4114"}],"wp:attachment":[{"href":"https:\/\/anirililled.ee\/et\/wp-json\/wp\/v2\/media?parent=4074"}],"curies":[{"name":"wp","href":"https:\/\/api.w.org\/{rel}","templated":true}]}}