{"id":2799,"date":"2024-04-06T17:08:30","date_gmt":"2024-04-06T14:08:30","guid":{"rendered":"https:\/\/anirililled.ee\/?page_id=2799"},"modified":"2024-04-06T17:08:30","modified_gmt":"2024-04-06T14:08:30","slug":"usloviya-dostavki","status":"publish","type":"page","link":"https:\/\/anirililled.ee\/et\/tarnetingimused\/","title":{"rendered":"Tarnetingimused"},"content":{"rendered":"<p>Kaupu saadetakse j\u00e4rgmistesse riikidesse: Eesti.<\/p><p>K\u00e4ttesaamiseks on saadaval j\u00e4rgmised v\u00f5imalused: kohaletoimetamine kogu Tallinnas ja Tallinna piirkonnas.<\/p><p>Kauba saatmise kulud kannab ostja ning vastav hinnainfo on kuvatud saatmisviisi juures.<\/p><p>K\u00f5ik saadetised lisatud riigis j\u00f5uavad \u00fcldjuhul ostja m\u00e4\u00e4ratud sihtkohta 2 tunni jooksul p\u00e4rast ostu lepingu j\u00f5ustumise kuup\u00e4eva. Kuller toimetab lilled kohale 30-minutilise intervalliga alates soovitud ajast<\/p>","protected":false},"excerpt":{"rendered":"<p>Me tarnime oma tooteid j\u00e4rgmistesse riikidesse: Eesti. Need v\u00f5imalused on saadaval tellimuse k\u00e4ttesaamiseks: tarne Tallinnasse ja Tallinna maakonda. Kohaletoimetamise kulu maksab ostja ja vastav hinnainfo on kuvatud tarneviisi k\u00f5rval. K\u00f5ik tarned lisatud riigis j\u00f5uavad tavaliselt ostja poolt m\u00e4\u00e4ratud sihtkohta 2 tunni jooksul alates [...].<\/p>","protected":false},"author":1,"featured_media":0,"parent":0,"menu_order":0,"comment_status":"closed","ping_status":"closed","template":"","meta":{"footnotes":""},"class_list":["post-2799","page","type-page","status-publish","hentry"],"_links":{"self":[{"href":"https:\/\/anirililled.ee\/et\/wp-json\/wp\/v2\/pages\/2799","targetHints":{"allow":["GET"]}}],"collection":[{"href":"https:\/\/anirililled.ee\/et\/wp-json\/wp\/v2\/pages"}],"about":[{"href":"https:\/\/anirililled.ee\/et\/wp-json\/wp\/v2\/types\/page"}],"author":[{"embeddable":true,"href":"https:\/\/anirililled.ee\/et\/wp-json\/wp\/v2\/users\/1"}],"replies":[{"embeddable":true,"href":"https:\/\/anirililled.ee\/et\/wp-json\/wp\/v2\/comments?post=2799"}],"version-history":[{"count":1,"href":"https:\/\/anirililled.ee\/et\/wp-json\/wp\/v2\/pages\/2799\/revisions"}],"predecessor-version":[{"id":2800,"href":"https:\/\/anirililled.ee\/et\/wp-json\/wp\/v2\/pages\/2799\/revisions\/2800"}],"wp:attachment":[{"href":"https:\/\/anirililled.ee\/et\/wp-json\/wp\/v2\/media?parent=2799"}],"curies":[{"name":"wp","href":"https:\/\/api.w.org\/{rel}","templated":true}]}}