{"id":2792,"date":"2024-04-06T16:58:52","date_gmt":"2024-04-06T13:58:52","guid":{"rendered":"https:\/\/anirililled.ee\/?page_id=2792"},"modified":"2024-04-06T17:03:08","modified_gmt":"2024-04-06T14:03:08","slug":"usloviya-zakaza","status":"publish","type":"page","link":"https:\/\/anirililled.ee\/et\/padevus\/","title":{"rendered":"Tellimistingimused"},"content":{"rendered":"<p><strong>Tere tulemast meie e-poodi&nbsp;<a href=\"https:\/\/www.anirililled.ee\/\" target=\"_blank\" rel=\"noreferrer noopener\">www.anirililled.ee<\/a><\/strong><\/p><p>Meie teeme teile ettepaneku s\u00e4\u00e4sta aega, n\u00e4rve ja vahendeid, k\u00fclastades meie e-poodi. Valige lilled ja kimbud koos paigutusega, tutvuge kogu sortimendiga - ainult nii leiate selle, mis teile t\u00f5epoolest sobib. Lillekimbule v\u00f5ib lisada ka \u00f5nnitluskaardi. R\u00f5\u00f5mustage armsat inimest, \u00fcllatage kolleegi v\u00f5i avaldage tunnustust \u00e4ripartnerile. Hoolitsevad ja kiired kullerid toimetavad teie tellimuse sihtkohta teie poolt soovitaval ajal.<\/p><h2 class=\"wp-block-heading\">Tingimused<\/h2><p class=\" translation-block\">V\u00f5tame tellimusi vastu 24 tundi.<br>\nTellimusi viime kohale Tallinna piires ja Tallinna l\u00e4hi\u00fcmbruses: <br>\nKullerteenus Tallinna piires maksab 9.- EUR, Tallinna l\u00e4hi\u00fcmbruses 20.- eur <br>\n\u00dcle 60-eurosed tellimused viime Tallinna piires kohale TASUTA<br>\nKuller viib lilled kohale 30-minutilise t\u00e4psusega. Kui soovite oma tellimusele ise poodi j\u00e4rgi tulla, sel juhul arvestatakse teie kullerteenuse tasuks 0 euro.  NB Palun lisage aeg, millal soovite tellimuse j\u00e4rgi tulla v\u00f5i saada k\u00e4tte.<br>\nPalume esitada tellimus v\u00e4hemalt 1 t\u00f6\u00f6p\u00e4eva enne.<br><br>\nIga kauba, mis on ostetud anirililled  e-poest, saab tellida koos kohaletoimetamisega soovitud aadressil<\/p><p>Kohaletoimetamise maksumuse tabel s\u00f5ltuvalt linnast:<\/p><ul class=\"wp-block-list\"><li>Tallinn 9 EUR<\/li>\n\n<li>Maardu 20 EUR<\/li>\n\n<li>Laagri 20 EUR<\/li>\n\n<li>J\u00fcri 20 EUR<\/li>\n\n<li>Saku 20 EUR<\/li>\n\n<li>Saue 20 EUR<\/li>\n\n<li>Keila 20 EUR<\/li>\n\n<li>Viimsi 20 EUR<\/li>\n\n<li>Harjumaa 30 EUR<\/li><\/ul><p><strong>NB!<\/strong>&nbsp;NB! Juhul kui kulleril ei \u00f5nnestu saadetis \u00fcle anda, tuleb maksta uus kullerteenuse tasu.<\/p><ul class=\"wp-block-list\"><li>Teil on v\u00f5imalus teha tellimus telefoni teel. <a href=\"tel:+37256467015\">+372 56467015<\/a> v\u00f5i e-posti teel: <a href=\"mailto:anirililled@gmail.ee\">anirililled@gmail.ee<\/a><\/li>\n\n<li>Kohustuslik on t\u00e4psustada koht, kuup\u00e4ev ja kellaaeg, kuhu ja millal lilled toimetatakse, samuti saate kirjutada tervituskaardi teksti. Tervitustekst on ainus teave saatjalt, mille tellimuse saaja saab. Kui tervitusteksti ei lisata, j\u00e4\u00e4b saatja anon\u00fc\u00fcmseks.<\/li>\n\n<li>Seej\u00e4rel peate oma tellimuse eest maksma. Meie pangaandmed ja meie andmed leiate jaotisest \"KONTAKT\". Teie tellimus kinnitatakse p\u00e4rast pangamakset ja sellele j\u00e4rgnevat kohaletoimetamist.<\/li><\/ul><h2 class=\"wp-block-heading\">Kuidas tellimus esitada<\/h2><ol class=\"wp-block-list\"><li>M\u00e4rkige kimpude v\u00f5i komplekti kood.<\/li>\n\n<li>Andke meile oma valikust teada e-posti teel (<a href=\"mailto:anirililled@gmail.ee\">anirililled@gmail.ee<\/a>) v\u00f5i telefoni teel (<a href=\"tel:+37256467015\">+372 56467015<\/a>). Kirjutada tuleb saatja nimi, telefoninumber, e-posti aadress, aadress, samuti saaja nimi, perekonnanimi, linn, aadress, telefoninumber, kuup\u00e4ev ja kellaaeg (teave on konfidentsiaalne).<\/li>\n\n<li>Kohaletoimetamise tasu tuleb lisada tellimuse hinnale kassas, s\u00f5ltuvalt saaja aadressist.<\/li>\n\n<li>Kui soovite lisada postkaardi - postkaart on ainus teave saaja kohta, kui postkaarti ei ole, siis on saatja anon\u00fc\u00fcmne.<\/li>\n\n<li>Olge saatja ja saaja andmete esitamisel v\u00e4ga ettevaatlik, sest sellest s\u00f5ltub saatmise t\u00e4psus ja \u00f5igeaegsus. Kui maksate rahvusvahelise panga kaudu, siis v\u00f5ib \u00fclekanne v\u00f5tta aega 3-7 t\u00f6\u00f6p\u00e4eva. Seet\u00f5ttu arvestage makse ja tellimuse k\u00e4ttetoimetamise kuup\u00e4eva vahelist ajavahemikku. P\u00e4rast makse kinnituse saamist saadame teile e-kirja teel teate. Kui teil on vaja midagi t\u00e4psustada, v\u00f5tame teiega \u00fchendust e-posti v\u00f5i telefoni teel.<\/li>\n\n<li>Kui meil ei ole tellimise ajal soovitud toodet olemas, v\u00f5ime pakkuda teile midagi vahetusena (nt v\u00e4rvi). Kui te ei ole rahul, siis on teil \u00f5igus tellimus t\u00fchistada.<\/li><\/ol><p>Kui soovite oma tellimuse t\u00fchistada, saate seda teha v\u00e4hemalt 4 p\u00e4eva enne tellimuse t\u00e4itmist.<\/p>","protected":false},"excerpt":{"rendered":"<p>Tere tulemast meie e-poodi www.anirililled.ee Meie e-poodi k\u00fclastades s\u00e4\u00e4state aega, n\u00e4rve ja raha. Valige lilled ja kimbud, tutvuge valikuga, ainult nii saate valida t\u00f5esti seda, mida vajate. Lilledele saate lisada tervituskaardi. R\u00f5\u00f5mustage oma kallimat, \u00fcllatage oma kolleege ja v\u00e4ljendage oma t\u00e4nu oma \u00e4ripartnerile. Hoolivad ja kiired kullerid toimetavad teie tellimuse kohale [...].<\/p>","protected":false},"author":1,"featured_media":0,"parent":0,"menu_order":0,"comment_status":"closed","ping_status":"closed","template":"","meta":{"footnotes":""},"class_list":["post-2792","page","type-page","status-publish","hentry"],"_links":{"self":[{"href":"https:\/\/anirililled.ee\/et\/wp-json\/wp\/v2\/pages\/2792","targetHints":{"allow":["GET"]}}],"collection":[{"href":"https:\/\/anirililled.ee\/et\/wp-json\/wp\/v2\/pages"}],"about":[{"href":"https:\/\/anirililled.ee\/et\/wp-json\/wp\/v2\/types\/page"}],"author":[{"embeddable":true,"href":"https:\/\/anirililled.ee\/et\/wp-json\/wp\/v2\/users\/1"}],"replies":[{"embeddable":true,"href":"https:\/\/anirililled.ee\/et\/wp-json\/wp\/v2\/comments?post=2792"}],"version-history":[{"count":2,"href":"https:\/\/anirililled.ee\/et\/wp-json\/wp\/v2\/pages\/2792\/revisions"}],"predecessor-version":[{"id":2797,"href":"https:\/\/anirililled.ee\/et\/wp-json\/wp\/v2\/pages\/2792\/revisions\/2797"}],"wp:attachment":[{"href":"https:\/\/anirililled.ee\/et\/wp-json\/wp\/v2\/media?parent=2792"}],"curies":[{"name":"wp","href":"https:\/\/api.w.org\/{rel}","templated":true}]}}